{"id":230,"date":"2021-08-04T13:33:04","date_gmt":"2021-08-04T16:33:04","guid":{"rendered":"http:\/\/completaacademia.com.br\/?page_id=230"},"modified":"2021-10-28T12:36:46","modified_gmt":"2021-10-28T15:36:46","slug":"pilates","status":"publish","type":"page","link":"http:\/\/completaacademia.com.br\/index.php\/pilates\/","title":{"rendered":"PILATES"},"content":{"rendered":"\t\t<div data-elementor-type=\"wp-page\" data-elementor-id=\"230\" class=\"elementor elementor-230\" data-elementor-post-type=\"page\">\n\t\t\t\t\t\t<div class=\"elementor-inner\">\n\t\t\t\t<div class=\"elementor-section-wrap\">\n\t\t\t\t\t\t\t\t\t<section class=\"elementor-section elementor-top-section elementor-element elementor-element-de3a927 elementor-section-full_width elementor-section-height-default elementor-section-height-default\" data-id=\"de3a927\" data-element_type=\"section\" data-settings=\"{&quot;background_background&quot;:&quot;classic&quot;}\">\n\t\t\t\t\t\t\t<div class=\"elementor-background-overlay\"><\/div>\n\t\t\t\t\t\t\t<div class=\"elementor-container elementor-column-gap-no\">\n\t\t\t\t\t\t\t<div class=\"elementor-row\">\n\t\t\t\t\t<div class=\"elementor-column elementor-col-100 elementor-top-column elementor-element elementor-element-89bafda\" data-id=\"89bafda\" data-element_type=\"column\">\n\t\t\t<div class=\"elementor-column-wrap\">\n\t\t\t\t\t\t\t<div class=\"elementor-widget-wrap\">\n\t\t\t\t\t\t\t\t<\/div>\n\t\t\t\t\t<\/div>\n\t\t<\/div>\n\t\t\t\t\t\t\t\t<\/div>\n\t\t\t\t\t<\/div>\n\t\t<\/section>\n\t\t\t\t<section class=\"elementor-section elementor-top-section elementor-element elementor-element-737756c elementor-section-boxed elementor-section-height-default elementor-section-height-default\" data-id=\"737756c\" data-element_type=\"section\">\n\t\t\t\t\t\t<div class=\"elementor-container elementor-column-gap-default\">\n\t\t\t\t\t\t\t<div class=\"elementor-row\">\n\t\t\t\t\t<div class=\"elementor-column elementor-col-50 elementor-top-column elementor-element elementor-element-e5bca21\" data-id=\"e5bca21\" data-element_type=\"column\">\n\t\t\t<div class=\"elementor-column-wrap elementor-element-populated\">\n\t\t\t\t\t\t\t<div class=\"elementor-widget-wrap\">\n\t\t\t\t\t\t<div class=\"elementor-element elementor-element-9664a80 elementor-widget elementor-widget-heading\" data-id=\"9664a80\" data-element_type=\"widget\" data-widget_type=\"heading.default\">\n\t\t\t\t<div class=\"elementor-widget-container\">\n\t\t\t<h2 class=\"elementor-heading-title elementor-size-default\">Pilates<\/h2>\t\t<\/div>\n\t\t\t\t<\/div>\n\t\t\t\t<div class=\"elementor-element elementor-element-0285d8e elementor-widget elementor-widget-heading\" data-id=\"0285d8e\" data-element_type=\"widget\" data-widget_type=\"heading.default\">\n\t\t\t\t<div class=\"elementor-widget-container\">\n\t\t\t<h2 class=\"elementor-heading-title elementor-size-default\">Completa Fitness<\/h2>\t\t<\/div>\n\t\t\t\t<\/div>\n\t\t\t\t<div class=\"elementor-element elementor-element-726199c elementor-widget__width-initial elementor-widget elementor-widget-html\" data-id=\"726199c\" data-element_type=\"widget\" data-widget_type=\"html.default\">\n\t\t\t\t<div class=\"elementor-widget-container\">\n\t\t\t<div style=\"width: 50px; height:5px;\"><\/div>\t\t<\/div>\n\t\t\t\t<\/div>\n\t\t\t\t<div class=\"elementor-element elementor-element-5893925 elementor-widget elementor-widget-text-editor\" data-id=\"5893925\" data-element_type=\"widget\" data-widget_type=\"text-editor.default\">\n\t\t\t\t<div class=\"elementor-widget-container\">\n\t\t\t\t\t\t\t\t<div class=\"elementor-text-editor elementor-clearfix\">\n\t\t\t\t<p>O <strong>pilates<\/strong> melhora a postura corporal, concentra\u00e7\u00e3o e auxilia em um melhor controle da respira\u00e7\u00e3o. Tamb\u00e9m promove aumento da flexibilidade, melhora a coordena\u00e7\u00e3o motora, alivia dores musculares e articulares, mais resist\u00eancia e a for\u00e7a muscular. Estes benef\u00edcios geram relaxamento e bem estar. A <strong>Completa Fitness<\/strong> oferece uma sala de Pilates com aparelhos modernos, ambiente seguro, e profissionais altamente qualificados para melhor atende-l\u00f3s.<\/p>\t\t\t\t\t<\/div>\n\t\t\t\t\t\t<\/div>\n\t\t\t\t<\/div>\n\t\t\t\t<div class=\"elementor-element elementor-element-09ab584 elementor-tablet-align-center elementor-widget elementor-widget-button\" data-id=\"09ab584\" data-element_type=\"widget\" data-widget_type=\"button.default\">\n\t\t\t\t<div class=\"elementor-widget-container\">\n\t\t\t\t\t<div class=\"elementor-button-wrapper\">\n\t\t\t<a class=\"elementor-button elementor-button-link elementor-size-md\" href=\"https:\/\/api.whatsapp.com\/send?phone=5531999300025\">\n\t\t\t\t\t\t<span class=\"elementor-button-content-wrapper\">\n\t\t\t\t\t\t<span class=\"elementor-button-text\"><span style=\"color: #211915;\">&#62;<\/span> FA\u00c7A SUA MATR\u00cdCULA<\/span>\n\t\t<\/span>\n\t\t\t\t\t<\/a>\n\t\t<\/div>\n\t\t\t\t<\/div>\n\t\t\t\t<\/div>\n\t\t\t\t\t\t<\/div>\n\t\t\t\t\t<\/div>\n\t\t<\/div>\n\t\t\t\t<div class=\"elementor-column elementor-col-50 elementor-top-column elementor-element elementor-element-4b6a863\" data-id=\"4b6a863\" data-element_type=\"column\">\n\t\t\t<div class=\"elementor-column-wrap elementor-element-populated\">\n\t\t\t\t\t\t\t<div class=\"elementor-widget-wrap\">\n\t\t\t\t\t\t<div class=\"elementor-element elementor-element-a3b44dc elementor-widget elementor-widget-gallery\" data-id=\"a3b44dc\" data-element_type=\"widget\" data-settings=\"{&quot;columns&quot;:2,&quot;gap&quot;:{&quot;unit&quot;:&quot;px&quot;,&quot;size&quot;:3,&quot;sizes&quot;:[]},&quot;aspect_ratio&quot;:&quot;4:3&quot;,&quot;lazyload&quot;:&quot;yes&quot;,&quot;gallery_layout&quot;:&quot;grid&quot;,&quot;columns_tablet&quot;:2,&quot;columns_mobile&quot;:1,&quot;gap_tablet&quot;:{&quot;unit&quot;:&quot;px&quot;,&quot;size&quot;:10,&quot;sizes&quot;:[]},&quot;gap_mobile&quot;:{&quot;unit&quot;:&quot;px&quot;,&quot;size&quot;:10,&quot;sizes&quot;:[]},&quot;link_to&quot;:&quot;file&quot;,&quot;overlay_background&quot;:&quot;yes&quot;,&quot;content_hover_animation&quot;:&quot;fade-in&quot;}\" data-widget_type=\"gallery.default\">\n\t\t\t\t<div class=\"elementor-widget-container\">\n\t\t\t\t\t<div class=\"elementor-gallery__container\">\n\t\t\t\t\t\t\t<a class=\"e-gallery-item elementor-gallery-item elementor-animated-content\" href=\"http:\/\/completaacademia.com.br\/wp-content\/uploads\/2021\/10\/Pilates_01.jpg\" data-elementor-open-lightbox=\"yes\" data-elementor-lightbox-slideshow=\"a3b44dc\" data-elementor-lightbox-title=\"Pilates_01\" data-e-action-hash=\"#elementor-action%3Aaction%3Dlightbox%26settings%3DeyJpZCI6MTA4MywidXJsIjoiaHR0cDpcL1wvY29tcGxldGFhY2FkZW1pYS5jb20uYnJcL3dwLWNvbnRlbnRcL3VwbG9hZHNcLzIwMjFcLzEwXC9QaWxhdGVzXzAxLmpwZyIsInNsaWRlc2hvdyI6ImEzYjQ0ZGMifQ%3D%3D\">\n\t\t\t\t\t<div class=\"e-gallery-image elementor-gallery-item__image\" data-thumbnail=\"http:\/\/completaacademia.com.br\/wp-content\/uploads\/2021\/10\/Pilates_01-300x225.jpg\" data-width=\"300\" data-height=\"225\" aria-label=\"\" role=\"img\" ><\/div>\n\t\t\t\t\t\t\t\t\t\t\t<div class=\"elementor-gallery-item__overlay\"><\/div>\n\t\t\t\t\t\t\t\t\t\t\t\t\t\t<\/a>\n\t\t\t\t\t\t\t<a class=\"e-gallery-item elementor-gallery-item elementor-animated-content\" href=\"http:\/\/completaacademia.com.br\/wp-content\/uploads\/2021\/10\/Pilates_02.jpg\" data-elementor-open-lightbox=\"yes\" data-elementor-lightbox-slideshow=\"a3b44dc\" data-elementor-lightbox-title=\"Pilates_02\" data-e-action-hash=\"#elementor-action%3Aaction%3Dlightbox%26settings%3DeyJpZCI6MTA4NCwidXJsIjoiaHR0cDpcL1wvY29tcGxldGFhY2FkZW1pYS5jb20uYnJcL3dwLWNvbnRlbnRcL3VwbG9hZHNcLzIwMjFcLzEwXC9QaWxhdGVzXzAyLmpwZyIsInNsaWRlc2hvdyI6ImEzYjQ0ZGMifQ%3D%3D\">\n\t\t\t\t\t<div class=\"e-gallery-image elementor-gallery-item__image\" data-thumbnail=\"http:\/\/completaacademia.com.br\/wp-content\/uploads\/2021\/10\/Pilates_02-300x285.jpg\" data-width=\"300\" data-height=\"285\" aria-label=\"\" role=\"img\" ><\/div>\n\t\t\t\t\t\t\t\t\t\t\t<div class=\"elementor-gallery-item__overlay\"><\/div>\n\t\t\t\t\t\t\t\t\t\t\t\t\t\t<\/a>\n\t\t\t\t\t\t\t<a class=\"e-gallery-item elementor-gallery-item elementor-animated-content\" href=\"http:\/\/completaacademia.com.br\/wp-content\/uploads\/2021\/10\/Pilates_03.jpg\" data-elementor-open-lightbox=\"yes\" data-elementor-lightbox-slideshow=\"a3b44dc\" data-elementor-lightbox-title=\"Pilates_03\" data-e-action-hash=\"#elementor-action%3Aaction%3Dlightbox%26settings%3DeyJpZCI6MTA4NSwidXJsIjoiaHR0cDpcL1wvY29tcGxldGFhY2FkZW1pYS5jb20uYnJcL3dwLWNvbnRlbnRcL3VwbG9hZHNcLzIwMjFcLzEwXC9QaWxhdGVzXzAzLmpwZyIsInNsaWRlc2hvdyI6ImEzYjQ0ZGMifQ%3D%3D\">\n\t\t\t\t\t<div class=\"e-gallery-image elementor-gallery-item__image\" data-thumbnail=\"http:\/\/completaacademia.com.br\/wp-content\/uploads\/2021\/10\/Pilates_03-225x300.jpg\" data-width=\"225\" data-height=\"300\" aria-label=\"\" role=\"img\" ><\/div>\n\t\t\t\t\t\t\t\t\t\t\t<div class=\"elementor-gallery-item__overlay\"><\/div>\n\t\t\t\t\t\t\t\t\t\t\t\t\t\t<\/a>\n\t\t\t\t\t\t\t<a class=\"e-gallery-item elementor-gallery-item elementor-animated-content\" href=\"http:\/\/completaacademia.com.br\/wp-content\/uploads\/2021\/10\/Pilates_04.jpg\" data-elementor-open-lightbox=\"yes\" data-elementor-lightbox-slideshow=\"a3b44dc\" data-elementor-lightbox-title=\"The woman training against pink studio\" data-e-action-hash=\"#elementor-action%3Aaction%3Dlightbox%26settings%3DeyJpZCI6MTA4NiwidXJsIjoiaHR0cDpcL1wvY29tcGxldGFhY2FkZW1pYS5jb20uYnJcL3dwLWNvbnRlbnRcL3VwbG9hZHNcLzIwMjFcLzEwXC9QaWxhdGVzXzA0LmpwZyIsInNsaWRlc2hvdyI6ImEzYjQ0ZGMifQ%3D%3D\">\n\t\t\t\t\t<div class=\"e-gallery-image elementor-gallery-item__image\" data-thumbnail=\"http:\/\/completaacademia.com.br\/wp-content\/uploads\/2021\/10\/Pilates_04-300x295.jpg\" data-width=\"300\" data-height=\"295\" aria-label=\"\" role=\"img\" ><\/div>\n\t\t\t\t\t\t\t\t\t\t\t<div class=\"elementor-gallery-item__overlay\"><\/div>\n\t\t\t\t\t\t\t\t\t\t\t\t\t\t<\/a>\n\t\t\t\t\t<\/div>\n\t\t\t<\/div>\n\t\t\t\t<\/div>\n\t\t\t\t\t\t<\/div>\n\t\t\t\t\t<\/div>\n\t\t<\/div>\n\t\t\t\t\t\t\t\t<\/div>\n\t\t\t\t\t<\/div>\n\t\t<\/section>\n\t\t\t\t\t\t\t\t\t<\/div>\n\t\t\t<\/div>\n\t\t\t\t\t<\/div>\n\t\t","protected":false},"excerpt":{"rendered":"<p>Pilates Completa Fitness O pilates melhora a postura corporal, concentra\u00e7\u00e3o e auxilia em um melhor controle da respira\u00e7\u00e3o. Tamb\u00e9m promove aumento da flexibilidade, melhora a coordena\u00e7\u00e3o motora, alivia dores musculares e articulares, mais resist\u00eancia e a for\u00e7a muscular. Estes benef\u00edcios geram relaxamento e bem estar. A Completa Fitness oferece uma sala de Pilates com aparelhos [&hellip;]<\/p>\n","protected":false},"author":1,"featured_media":0,"parent":0,"menu_order":0,"comment_status":"closed","ping_status":"closed","template":"elementor_header_footer","meta":{"footnotes":""},"class_list":["post-230","page","type-page","status-publish","hentry"],"_links":{"self":[{"href":"http:\/\/completaacademia.com.br\/index.php\/wp-json\/wp\/v2\/pages\/230","targetHints":{"allow":["GET"]}}],"collection":[{"href":"http:\/\/completaacademia.com.br\/index.php\/wp-json\/wp\/v2\/pages"}],"about":[{"href":"http:\/\/completaacademia.com.br\/index.php\/wp-json\/wp\/v2\/types\/page"}],"author":[{"embeddable":true,"href":"http:\/\/completaacademia.com.br\/index.php\/wp-json\/wp\/v2\/users\/1"}],"replies":[{"embeddable":true,"href":"http:\/\/completaacademia.com.br\/index.php\/wp-json\/wp\/v2\/comments?post=230"}],"version-history":[{"count":23,"href":"http:\/\/completaacademia.com.br\/index.php\/wp-json\/wp\/v2\/pages\/230\/revisions"}],"predecessor-version":[{"id":1167,"href":"http:\/\/completaacademia.com.br\/index.php\/wp-json\/wp\/v2\/pages\/230\/revisions\/1167"}],"wp:attachment":[{"href":"http:\/\/completaacademia.com.br\/index.php\/wp-json\/wp\/v2\/media?parent=230"}],"curies":[{"name":"wp","href":"https:\/\/api.w.org\/{rel}","templated":true}]}}