{"id":240,"date":"2021-08-04T13:34:07","date_gmt":"2021-08-04T16:34:07","guid":{"rendered":"http:\/\/completaacademia.com.br\/?page_id=240"},"modified":"2021-10-28T12:33:05","modified_gmt":"2021-10-28T15:33:05","slug":"natacao-infantil","status":"publish","type":"page","link":"http:\/\/completaacademia.com.br\/index.php\/natacao-infantil\/","title":{"rendered":"NATA\u00c7\u00c3O INFANTIL"},"content":{"rendered":"\t\t<div data-elementor-type=\"wp-page\" data-elementor-id=\"240\" class=\"elementor elementor-240\" data-elementor-post-type=\"page\">\n\t\t\t\t\t\t<div class=\"elementor-inner\">\n\t\t\t\t<div class=\"elementor-section-wrap\">\n\t\t\t\t\t\t\t\t\t<section class=\"elementor-section elementor-top-section elementor-element elementor-element-616d8ab elementor-section-full_width elementor-section-height-default elementor-section-height-default\" data-id=\"616d8ab\" data-element_type=\"section\" data-settings=\"{&quot;background_background&quot;:&quot;classic&quot;}\">\n\t\t\t\t\t\t\t<div class=\"elementor-background-overlay\"><\/div>\n\t\t\t\t\t\t\t<div class=\"elementor-container elementor-column-gap-no\">\n\t\t\t\t\t\t\t<div class=\"elementor-row\">\n\t\t\t\t\t<div class=\"elementor-column elementor-col-100 elementor-top-column elementor-element elementor-element-7926874\" data-id=\"7926874\" data-element_type=\"column\">\n\t\t\t<div class=\"elementor-column-wrap\">\n\t\t\t\t\t\t\t<div class=\"elementor-widget-wrap\">\n\t\t\t\t\t\t\t\t<\/div>\n\t\t\t\t\t<\/div>\n\t\t<\/div>\n\t\t\t\t\t\t\t\t<\/div>\n\t\t\t\t\t<\/div>\n\t\t<\/section>\n\t\t\t\t<section class=\"elementor-section elementor-top-section elementor-element elementor-element-ecfecf3 elementor-section-boxed elementor-section-height-default elementor-section-height-default\" data-id=\"ecfecf3\" data-element_type=\"section\">\n\t\t\t\t\t\t<div class=\"elementor-container elementor-column-gap-default\">\n\t\t\t\t\t\t\t<div class=\"elementor-row\">\n\t\t\t\t\t<div class=\"elementor-column elementor-col-50 elementor-top-column elementor-element elementor-element-ff7e2e3\" data-id=\"ff7e2e3\" data-element_type=\"column\">\n\t\t\t<div class=\"elementor-column-wrap elementor-element-populated\">\n\t\t\t\t\t\t\t<div class=\"elementor-widget-wrap\">\n\t\t\t\t\t\t<div class=\"elementor-element elementor-element-3f98b25 elementor-widget elementor-widget-heading\" data-id=\"3f98b25\" data-element_type=\"widget\" data-widget_type=\"heading.default\">\n\t\t\t\t<div class=\"elementor-widget-container\">\n\t\t\t<h2 class=\"elementor-heading-title elementor-size-default\">Nata\u00e7\u00e3o Infantil\n<\/h2>\t\t<\/div>\n\t\t\t\t<\/div>\n\t\t\t\t<div class=\"elementor-element elementor-element-78312d7 elementor-widget elementor-widget-heading\" data-id=\"78312d7\" data-element_type=\"widget\" data-widget_type=\"heading.default\">\n\t\t\t\t<div class=\"elementor-widget-container\">\n\t\t\t<h2 class=\"elementor-heading-title elementor-size-default\">Completa Fitness<\/h2>\t\t<\/div>\n\t\t\t\t<\/div>\n\t\t\t\t<div class=\"elementor-element elementor-element-6b15aa5 elementor-widget__width-initial elementor-widget elementor-widget-html\" data-id=\"6b15aa5\" data-element_type=\"widget\" data-widget_type=\"html.default\">\n\t\t\t\t<div class=\"elementor-widget-container\">\n\t\t\t<div style=\"width: 50px; height:5px;\"><\/div>\t\t<\/div>\n\t\t\t\t<\/div>\n\t\t\t\t<div class=\"elementor-element elementor-element-0705542 elementor-widget elementor-widget-text-editor\" data-id=\"0705542\" data-element_type=\"widget\" data-widget_type=\"text-editor.default\">\n\t\t\t\t<div class=\"elementor-widget-container\">\n\t\t\t\t\t\t\t\t<div class=\"elementor-text-editor elementor-clearfix\">\n\t\t\t\t<p>Para que os pequenos fiquem entusiasmados e passem a movimentar-se sempre \u00e9 preciso come\u00e7ar os exerc\u00edcios de forma mais l\u00fadica. Essa \u00e9 a vantagem da <strong>nata\u00e7\u00e3o infantil<\/strong>, as crian\u00e7as aprendem novos movimentos com aulas apoiadas em ferramentas recreativas.\u00a0<\/p><p>Al\u00e9m disso, por ser um esporte de baixo impacto, a nata\u00e7\u00e3o infantil melhora o condicionamento f\u00edsico, fortalece os m\u00fasculos e articula\u00e7\u00f5es e n\u00e3o desgasta o corpo. \u00c9 uma atividade completa. No caso das crian\u00e7as, ainda temos a vantagem de envolver um baixo risco de ferimentos, pois os exerc\u00edcios s\u00e3o realizados no aconchego da \u00e1gua.<\/p>\t\t\t\t\t<\/div>\n\t\t\t\t\t\t<\/div>\n\t\t\t\t<\/div>\n\t\t\t\t<div class=\"elementor-element elementor-element-181430e elementor-tablet-align-center elementor-widget elementor-widget-button\" data-id=\"181430e\" data-element_type=\"widget\" data-widget_type=\"button.default\">\n\t\t\t\t<div class=\"elementor-widget-container\">\n\t\t\t\t\t<div class=\"elementor-button-wrapper\">\n\t\t\t<a class=\"elementor-button elementor-button-link elementor-size-md\" href=\"https:\/\/api.whatsapp.com\/send?phone=5531999300025\">\n\t\t\t\t\t\t<span class=\"elementor-button-content-wrapper\">\n\t\t\t\t\t\t<span class=\"elementor-button-text\"><span style=\"color: #211915;\">&#62;<\/span> FA\u00c7A SUA MATR\u00cdCULA<\/span>\n\t\t<\/span>\n\t\t\t\t\t<\/a>\n\t\t<\/div>\n\t\t\t\t<\/div>\n\t\t\t\t<\/div>\n\t\t\t\t\t\t<\/div>\n\t\t\t\t\t<\/div>\n\t\t<\/div>\n\t\t\t\t<div class=\"elementor-column elementor-col-50 elementor-top-column elementor-element elementor-element-65f1dcf\" data-id=\"65f1dcf\" data-element_type=\"column\">\n\t\t\t<div class=\"elementor-column-wrap elementor-element-populated\">\n\t\t\t\t\t\t\t<div class=\"elementor-widget-wrap\">\n\t\t\t\t\t\t<div class=\"elementor-element elementor-element-97f31bd elementor-widget elementor-widget-gallery\" data-id=\"97f31bd\" data-element_type=\"widget\" data-settings=\"{&quot;columns&quot;:2,&quot;gap&quot;:{&quot;unit&quot;:&quot;px&quot;,&quot;size&quot;:3,&quot;sizes&quot;:[]},&quot;aspect_ratio&quot;:&quot;4:3&quot;,&quot;lazyload&quot;:&quot;yes&quot;,&quot;gallery_layout&quot;:&quot;grid&quot;,&quot;columns_tablet&quot;:2,&quot;columns_mobile&quot;:1,&quot;gap_tablet&quot;:{&quot;unit&quot;:&quot;px&quot;,&quot;size&quot;:10,&quot;sizes&quot;:[]},&quot;gap_mobile&quot;:{&quot;unit&quot;:&quot;px&quot;,&quot;size&quot;:10,&quot;sizes&quot;:[]},&quot;link_to&quot;:&quot;file&quot;,&quot;overlay_background&quot;:&quot;yes&quot;,&quot;content_hover_animation&quot;:&quot;fade-in&quot;}\" data-widget_type=\"gallery.default\">\n\t\t\t\t<div class=\"elementor-widget-container\">\n\t\t\t\t\t<div class=\"elementor-gallery__container\">\n\t\t\t\t\t\t\t<a class=\"e-gallery-item elementor-gallery-item elementor-animated-content\" href=\"http:\/\/completaacademia.com.br\/wp-content\/uploads\/2021\/10\/Infantil_01-scaled.jpg\" data-elementor-open-lightbox=\"yes\" data-elementor-lightbox-slideshow=\"97f31bd\" data-elementor-lightbox-title=\"Infantil_01\" data-e-action-hash=\"#elementor-action%3Aaction%3Dlightbox%26settings%3DeyJpZCI6OTk1LCJ1cmwiOiJodHRwOlwvXC9jb21wbGV0YWFjYWRlbWlhLmNvbS5iclwvd3AtY29udGVudFwvdXBsb2Fkc1wvMjAyMVwvMTBcL0luZmFudGlsXzAxLXNjYWxlZC5qcGciLCJzbGlkZXNob3ciOiI5N2YzMWJkIn0%3D\">\n\t\t\t\t\t<div class=\"e-gallery-image elementor-gallery-item__image\" data-thumbnail=\"http:\/\/completaacademia.com.br\/wp-content\/uploads\/2021\/10\/Infantil_01-295x300.jpg\" data-width=\"295\" data-height=\"300\" aria-label=\"\" role=\"img\" ><\/div>\n\t\t\t\t\t\t\t\t\t\t\t<div class=\"elementor-gallery-item__overlay\"><\/div>\n\t\t\t\t\t\t\t\t\t\t\t\t\t\t<\/a>\n\t\t\t\t\t\t\t<a class=\"e-gallery-item elementor-gallery-item elementor-animated-content\" href=\"http:\/\/completaacademia.com.br\/wp-content\/uploads\/2021\/10\/Infantil_04.jpg\" data-elementor-open-lightbox=\"yes\" data-elementor-lightbox-slideshow=\"97f31bd\" data-elementor-lightbox-title=\"Infantil_04\" data-e-action-hash=\"#elementor-action%3Aaction%3Dlightbox%26settings%3DeyJpZCI6OTk4LCJ1cmwiOiJodHRwOlwvXC9jb21wbGV0YWFjYWRlbWlhLmNvbS5iclwvd3AtY29udGVudFwvdXBsb2Fkc1wvMjAyMVwvMTBcL0luZmFudGlsXzA0LmpwZyIsInNsaWRlc2hvdyI6Ijk3ZjMxYmQifQ%3D%3D\">\n\t\t\t\t\t<div class=\"e-gallery-image elementor-gallery-item__image\" data-thumbnail=\"http:\/\/completaacademia.com.br\/wp-content\/uploads\/2021\/10\/Infantil_04-300x225.jpg\" data-width=\"300\" data-height=\"225\" aria-label=\"\" role=\"img\" ><\/div>\n\t\t\t\t\t\t\t\t\t\t\t<div class=\"elementor-gallery-item__overlay\"><\/div>\n\t\t\t\t\t\t\t\t\t\t\t\t\t\t<\/a>\n\t\t\t\t\t\t\t<a class=\"e-gallery-item elementor-gallery-item elementor-animated-content\" href=\"http:\/\/completaacademia.com.br\/wp-content\/uploads\/2021\/10\/Infantil_03-scaled.jpg\" data-elementor-open-lightbox=\"yes\" data-elementor-lightbox-slideshow=\"97f31bd\" data-elementor-lightbox-title=\"Infantil_03\" data-e-action-hash=\"#elementor-action%3Aaction%3Dlightbox%26settings%3DeyJpZCI6OTk3LCJ1cmwiOiJodHRwOlwvXC9jb21wbGV0YWFjYWRlbWlhLmNvbS5iclwvd3AtY29udGVudFwvdXBsb2Fkc1wvMjAyMVwvMTBcL0luZmFudGlsXzAzLXNjYWxlZC5qcGciLCJzbGlkZXNob3ciOiI5N2YzMWJkIn0%3D\">\n\t\t\t\t\t<div class=\"e-gallery-image elementor-gallery-item__image\" data-thumbnail=\"http:\/\/completaacademia.com.br\/wp-content\/uploads\/2021\/10\/Infantil_03-300x297.jpg\" data-width=\"300\" data-height=\"297\" aria-label=\"\" role=\"img\" ><\/div>\n\t\t\t\t\t\t\t\t\t\t\t<div class=\"elementor-gallery-item__overlay\"><\/div>\n\t\t\t\t\t\t\t\t\t\t\t\t\t\t<\/a>\n\t\t\t\t\t\t\t<a class=\"e-gallery-item elementor-gallery-item elementor-animated-content\" href=\"http:\/\/completaacademia.com.br\/wp-content\/uploads\/2021\/10\/Infantil_02-scaled.jpg\" data-elementor-open-lightbox=\"yes\" data-elementor-lightbox-slideshow=\"97f31bd\" data-elementor-lightbox-title=\"Infantil_02\" data-e-action-hash=\"#elementor-action%3Aaction%3Dlightbox%26settings%3DeyJpZCI6OTk2LCJ1cmwiOiJodHRwOlwvXC9jb21wbGV0YWFjYWRlbWlhLmNvbS5iclwvd3AtY29udGVudFwvdXBsb2Fkc1wvMjAyMVwvMTBcL0luZmFudGlsXzAyLXNjYWxlZC5qcGciLCJzbGlkZXNob3ciOiI5N2YzMWJkIn0%3D\">\n\t\t\t\t\t<div class=\"e-gallery-image elementor-gallery-item__image\" data-thumbnail=\"http:\/\/completaacademia.com.br\/wp-content\/uploads\/2021\/10\/Infantil_02-300x284.jpg\" data-width=\"300\" data-height=\"284\" aria-label=\"\" role=\"img\" ><\/div>\n\t\t\t\t\t\t\t\t\t\t\t<div class=\"elementor-gallery-item__overlay\"><\/div>\n\t\t\t\t\t\t\t\t\t\t\t\t\t\t<\/a>\n\t\t\t\t\t<\/div>\n\t\t\t<\/div>\n\t\t\t\t<\/div>\n\t\t\t\t\t\t<\/div>\n\t\t\t\t\t<\/div>\n\t\t<\/div>\n\t\t\t\t\t\t\t\t<\/div>\n\t\t\t\t\t<\/div>\n\t\t<\/section>\n\t\t\t\t\t\t\t\t\t<\/div>\n\t\t\t<\/div>\n\t\t\t\t\t<\/div>\n\t\t","protected":false},"excerpt":{"rendered":"<p>Nata\u00e7\u00e3o Infantil Completa Fitness Para que os pequenos fiquem entusiasmados e passem a movimentar-se sempre \u00e9 preciso come\u00e7ar os exerc\u00edcios de forma mais l\u00fadica. Essa \u00e9 a vantagem da nata\u00e7\u00e3o infantil, as crian\u00e7as aprendem novos movimentos com aulas apoiadas em ferramentas recreativas.\u00a0 Al\u00e9m disso, por ser um esporte de baixo impacto, a nata\u00e7\u00e3o infantil melhora [&hellip;]<\/p>\n","protected":false},"author":1,"featured_media":0,"parent":0,"menu_order":0,"comment_status":"closed","ping_status":"closed","template":"elementor_header_footer","meta":{"footnotes":""},"class_list":["post-240","page","type-page","status-publish","hentry"],"_links":{"self":[{"href":"http:\/\/completaacademia.com.br\/index.php\/wp-json\/wp\/v2\/pages\/240","targetHints":{"allow":["GET"]}}],"collection":[{"href":"http:\/\/completaacademia.com.br\/index.php\/wp-json\/wp\/v2\/pages"}],"about":[{"href":"http:\/\/completaacademia.com.br\/index.php\/wp-json\/wp\/v2\/types\/page"}],"author":[{"embeddable":true,"href":"http:\/\/completaacademia.com.br\/index.php\/wp-json\/wp\/v2\/users\/1"}],"replies":[{"embeddable":true,"href":"http:\/\/completaacademia.com.br\/index.php\/wp-json\/wp\/v2\/comments?post=240"}],"version-history":[{"count":23,"href":"http:\/\/completaacademia.com.br\/index.php\/wp-json\/wp\/v2\/pages\/240\/revisions"}],"predecessor-version":[{"id":1166,"href":"http:\/\/completaacademia.com.br\/index.php\/wp-json\/wp\/v2\/pages\/240\/revisions\/1166"}],"wp:attachment":[{"href":"http:\/\/completaacademia.com.br\/index.php\/wp-json\/wp\/v2\/media?parent=240"}],"curies":[{"name":"wp","href":"https:\/\/api.w.org\/{rel}","templated":true}]}}